{"id":1797,"date":"2025-09-05T14:14:13","date_gmt":"2025-09-05T12:14:13","guid":{"rendered":"https:\/\/lukajka.com\/?page_id=1797"},"modified":"2025-09-08T18:15:06","modified_gmt":"2025-09-08T16:15:06","slug":"vlog","status":"publish","type":"page","link":"https:\/\/lukajka.com\/en\/vlog\/","title":{"rendered":"Vlog"},"content":{"rendered":"<div class=\"wp-block-cover alignfull titul-cover\" style=\"padding-top:0;padding-bottom:0;min-height:700px;aspect-ratio:unset;\"><img loading=\"lazy\" decoding=\"async\" width=\"2560\" height=\"1703\" class=\"wp-block-cover__image-background wp-image-1650 size-full\" alt=\"\" src=\"https:\/\/lukajka.com\/wp-content\/uploads\/2025\/08\/DSC_1530u-scaled.jpg\" data-object-fit=\"cover\" srcset=\"https:\/\/lukajka.com\/wp-content\/uploads\/2025\/08\/DSC_1530u-scaled.jpg 2560w, https:\/\/lukajka.com\/wp-content\/uploads\/2025\/08\/DSC_1530u-300x200.jpg 300w, https:\/\/lukajka.com\/wp-content\/uploads\/2025\/08\/DSC_1530u-1024x681.jpg 1024w, https:\/\/lukajka.com\/wp-content\/uploads\/2025\/08\/DSC_1530u-768x511.jpg 768w, https:\/\/lukajka.com\/wp-content\/uploads\/2025\/08\/DSC_1530u-1536x1022.jpg 1536w, https:\/\/lukajka.com\/wp-content\/uploads\/2025\/08\/DSC_1530u-2048x1363.jpg 2048w\" sizes=\"auto, (max-width: 2560px) 100vw, 2560px\" \/><span aria-hidden=\"true\" class=\"wp-block-cover__background has-black-background-color has-background-dim\"><\/span><div class=\"wp-block-cover__inner-container is-layout-flow wp-container-core-cover-is-layout-271bbfc9 wp-block-cover-is-layout-flow\">\n<div style=\"height:415px\" aria-hidden=\"true\" class=\"wp-block-spacer\"><\/div>\n\n\n\n<p class=\"has-text-align-center cinzel has-large-font-size\">Moje postrehy a tipy z praxe<\/p>\n\n\n\n<h2 class=\"wp-block-heading open-sans\" style=\"font-size:20px\">Postrehy a tipy od odborn\u00edka priamo z praxe&#8230;<\/h2>\n<\/div><\/div>\n\n\n\n<div style=\"height:100px\" aria-hidden=\"true\" class=\"wp-block-spacer\"><\/div>\n\n\n<ul class=\"wp-block-latest-posts__list is-grid columns-3 wp-block-latest-posts\"><li><div class=\"wp-block-latest-posts__featured-image\"><a href=\"https:\/\/lukajka.com\/en\/videopozvanka-nove-pravidla-pri-odmenovani-zamestnancov\/\" aria-label=\"Videopozv\u00e1nka: Nov\u00e9 pravidl\u00e1 pri odme\u0148ovan\u00ed zamestnancov\"><img loading=\"lazy\" decoding=\"async\" width=\"812\" height=\"456\" src=\"https:\/\/lukajka.com\/wp-content\/uploads\/2026\/04\/ilustracna-8.png\" class=\"attachment-large size-large wp-post-image\" alt=\"\" style=\"\" srcset=\"https:\/\/lukajka.com\/wp-content\/uploads\/2026\/04\/ilustracna-8.png 854w, https:\/\/lukajka.com\/wp-content\/uploads\/2026\/04\/ilustracna-8-300x169.png 300w, https:\/\/lukajka.com\/wp-content\/uploads\/2026\/04\/ilustracna-8-768x432.png 768w, https:\/\/lukajka.com\/wp-content\/uploads\/2026\/04\/ilustracna-8-18x10.png 18w\" sizes=\"auto, (max-width: 812px) 100vw, 812px\" \/><\/a><\/div><a class=\"wp-block-latest-posts__post-title\" href=\"https:\/\/lukajka.com\/en\/videopozvanka-nove-pravidla-pri-odmenovani-zamestnancov\/\">Videopozv\u00e1nka: Nov\u00e9 pravidl\u00e1 pri odme\u0148ovan\u00ed zamestnancov<\/a><div class=\"wp-block-latest-posts__post-excerpt\">Zamestn\u00e1vatelia musia rie\u0161i\u0165 nov\u00e9 pravidl\u00e1 u\u017e pri pracovnom inzer\u00e1te a&nbsp;pohovore, nie a\u017e pri v\u00fdplate. Nov\u00fd re\u017eim odme\u0148ovania sa t\u00fdka ka\u017ed\u00e9ho zamestn\u00e1vate\u013ea, ktor\u00fd prij\u00edma \u013eud\u00ed, vypl\u00e1ca mzdy alebo obhajuje svoju mzdov\u00fa\u2026 <a class=\"wp-block-latest-posts__read-more\" href=\"https:\/\/lukajka.com\/en\/videopozvanka-nove-pravidla-pri-odmenovani-zamestnancov\/\" rel=\"noopener noreferrer\">Read more<span class=\"screen-reader-text\">: Videopozv\u00e1nka: Nov\u00e9 pravidl\u00e1 pri odme\u0148ovan\u00ed zamestnancov<\/span><\/a><\/div><\/li>\n<li><div class=\"wp-block-latest-posts__featured-image\"><a href=\"https:\/\/lukajka.com\/en\/co-musi-vediet-kazdy-podnikatel\/\" aria-label=\"\u010co mus\u00ed vedie\u0165 ka\u017ed\u00fd podnikate\u013e\"><img loading=\"lazy\" decoding=\"async\" width=\"812\" height=\"456\" src=\"https:\/\/lukajka.com\/wp-content\/uploads\/2025\/10\/ilustracna-7.png\" class=\"attachment-large size-large wp-post-image\" alt=\"\" style=\"\" srcset=\"https:\/\/lukajka.com\/wp-content\/uploads\/2025\/10\/ilustracna-7.png 854w, https:\/\/lukajka.com\/wp-content\/uploads\/2025\/10\/ilustracna-7-300x169.png 300w, https:\/\/lukajka.com\/wp-content\/uploads\/2025\/10\/ilustracna-7-768x432.png 768w, https:\/\/lukajka.com\/wp-content\/uploads\/2025\/10\/ilustracna-7-18x10.png 18w\" sizes=\"auto, (max-width: 812px) 100vw, 812px\" \/><\/a><\/div><a class=\"wp-block-latest-posts__post-title\" href=\"https:\/\/lukajka.com\/en\/co-musi-vediet-kazdy-podnikatel\/\">\u010co mus\u00ed vedie\u0165 ka\u017ed\u00fd podnikate\u013e<\/a><div class=\"wp-block-latest-posts__post-excerpt\">\u010co mus\u00ed vedie\u0165 ka\u017ed\u00fd podnikate\u013e Na tieto zmluvy by nemal \u017eiadny podnikate\u013e zab\u00fada\u0165<\/div><\/li>\n<\/ul>","protected":false},"excerpt":{"rendered":"","protected":false},"author":1,"featured_media":0,"parent":0,"menu_order":0,"comment_status":"closed","ping_status":"closed","template":"","meta":{"zakra_sidebar_layout":"stretched","zakra_remove_content_margin":false,"zakra_sidebar":"customizer","zakra_transparent_header":"customizer","zakra_logo":0,"zakra_main_header_style":"default","zakra_menu_item_color":"","zakra_menu_item_hover_color":"","zakra_menu_item_active_color":"","zakra_menu_active_style":"","zakra_page_header":false,"footnotes":""},"class_list":["post-1797","page","type-page","status-publish","hentry"],"_links":{"self":[{"href":"https:\/\/lukajka.com\/en\/wp-json\/wp\/v2\/pages\/1797","targetHints":{"allow":["GET"]}}],"collection":[{"href":"https:\/\/lukajka.com\/en\/wp-json\/wp\/v2\/pages"}],"about":[{"href":"https:\/\/lukajka.com\/en\/wp-json\/wp\/v2\/types\/page"}],"author":[{"embeddable":true,"href":"https:\/\/lukajka.com\/en\/wp-json\/wp\/v2\/users\/1"}],"replies":[{"embeddable":true,"href":"https:\/\/lukajka.com\/en\/wp-json\/wp\/v2\/comments?post=1797"}],"version-history":[{"count":0,"href":"https:\/\/lukajka.com\/en\/wp-json\/wp\/v2\/pages\/1797\/revisions"}],"wp:attachment":[{"href":"https:\/\/lukajka.com\/en\/wp-json\/wp\/v2\/media?parent=1797"}],"curies":[{"name":"wp","href":"https:\/\/api.w.org\/{rel}","templated":true}]}}