{"id":1214,"date":"2025-08-06T12:18:58","date_gmt":"2025-08-06T10:18:58","guid":{"rendered":"https:\/\/lukajka.com\/?page_id=1214"},"modified":"2025-09-16T11:13:52","modified_gmt":"2025-09-16T09:13:52","slug":"treningy-a-skolenia","status":"publish","type":"page","link":"https:\/\/lukajka.com\/en\/treningy-a-skolenia\/","title":{"rendered":"Trainings and education"},"content":{"rendered":"<div style=\"height:150px\" aria-hidden=\"true\" class=\"wp-block-spacer\"><\/div>\n\n\n\n<div class=\"blockart-section blockart-section-1feecc50\"><div class=\"blockart-container\"><div class=\"blockart-section-inner\">\n<div class=\"blockart-column blockart-column-4d76ce2c\"><div class=\"blockart-column-inner\">\n<h2 class=\"wp-block-heading has-text-align-center cinzel has-text-color has-link-color has-x-large-font-size wp-elements-d2759f8652ecc080ee54eee7c00facaa\" style=\"color:#064471\">O ak\u00fd druh tr\u00e9ningu alebo \u0161kolenia m\u00e1te z\u00e1ujem?<\/h2>\n\n\n\n<div style=\"height:50px\" aria-hidden=\"true\" class=\"wp-block-spacer\"><\/div>\n\n\n\n<div class=\"wp-block-buttons is-content-justification-center is-layout-flex wp-container-core-buttons-is-layout-a89b3969 wp-block-buttons-is-layout-flex\">\n<div class=\"wp-block-button\"><a class=\"wp-block-button__link has-large-font-size has-custom-font-size wp-element-button\" href=\"https:\/\/lukajka.com\/en\/verejne-a-firemne-treningy\/\">Verejn\u00fd a firemn\u00fd<\/a><\/div>\n\n\n\n<div class=\"wp-block-button\"><a class=\"wp-block-button__link has-large-font-size has-custom-font-size wp-element-button\" href=\"https:\/\/lukajka.com\/en\/specialne-treningy\/\">\u0160peci\u00e1lny<\/a><\/div>\n<\/div>\n<\/div><\/div>\n<\/div><\/div><\/div>\n\n\n\n<div style=\"height:50px\" aria-hidden=\"true\" class=\"wp-block-spacer\"><\/div>\n\n\n\n<p><\/p>","protected":false},"excerpt":{"rendered":"","protected":false},"author":1,"featured_media":0,"parent":0,"menu_order":0,"comment_status":"closed","ping_status":"closed","template":"","meta":{"zakra_sidebar_layout":"stretched","zakra_remove_content_margin":false,"zakra_sidebar":"default","zakra_transparent_header":"customizer","zakra_logo":0,"zakra_main_header_style":"default","zakra_menu_item_color":"","zakra_menu_item_hover_color":"","zakra_menu_item_active_color":"","zakra_menu_active_style":"","zakra_page_header":false,"footnotes":""},"class_list":["post-1214","page","type-page","status-publish","hentry"],"_links":{"self":[{"href":"https:\/\/lukajka.com\/en\/wp-json\/wp\/v2\/pages\/1214","targetHints":{"allow":["GET"]}}],"collection":[{"href":"https:\/\/lukajka.com\/en\/wp-json\/wp\/v2\/pages"}],"about":[{"href":"https:\/\/lukajka.com\/en\/wp-json\/wp\/v2\/types\/page"}],"author":[{"embeddable":true,"href":"https:\/\/lukajka.com\/en\/wp-json\/wp\/v2\/users\/1"}],"replies":[{"embeddable":true,"href":"https:\/\/lukajka.com\/en\/wp-json\/wp\/v2\/comments?post=1214"}],"version-history":[{"count":0,"href":"https:\/\/lukajka.com\/en\/wp-json\/wp\/v2\/pages\/1214\/revisions"}],"wp:attachment":[{"href":"https:\/\/lukajka.com\/en\/wp-json\/wp\/v2\/media?parent=1214"}],"curies":[{"name":"wp","href":"https:\/\/api.w.org\/{rel}","templated":true}]}}