{"id":12,"date":"2025-03-02T03:22:21","date_gmt":"2025-03-02T03:22:21","guid":{"rendered":"https:\/\/ap0.qsandbox.cloud\/site\/suffice-free\/?page_id=12"},"modified":"2025-09-13T09:09:01","modified_gmt":"2025-09-13T07:09:01","slug":"konzultacie","status":"publish","type":"page","link":"https:\/\/lukajka.com\/en\/konzultacie\/","title":{"rendered":"Consultations"},"content":{"rendered":"<div style=\"height:150px\" aria-hidden=\"true\" class=\"wp-block-spacer\"><\/div>\n\n\n\n<h2 class=\"wp-block-heading has-text-align-center cinzel has-text-color has-link-color has-x-large-font-size wp-elements-a1ab08449b9ff56e8b3243d4afee0836\" style=\"color:#064471\">Consultations<\/h2>\n\n\n\n<div class=\"blockart-section blockart-section-f302a951\"><div class=\"blockart-container\"><div class=\"blockart-section-inner\">\n<div class=\"blockart-column blockart-column-0af29df9\"><div class=\"blockart-column-inner\">\n<p class=\"text-justify open-sans\">Niekedy nepotrebujete tr\u00e9ning ani \u0161kolenie. Potrebujete nastavi\u0165 procesy. Alebo u V\u00e1s vo firme \u201euprata\u0165\u201c. Pr\u00edpadne zast\u00fapi\u0165 alebo pripravi\u0165 na n\u00e1ro\u010dn\u00fa \u00falohu. Viac ako 15 rokov zastupujem spolo\u010dnosti a podnikate\u013eov. P\u00f4sobil som aj v \u0161t\u00e1tnej in\u0161pekcii. <strong>Viem sa na veci pozera\u0165 inak. Porozpr\u00e1vajme sa.<\/strong><\/p>\n\n\n\n<div style=\"height:30px\" aria-hidden=\"true\" class=\"wp-block-spacer\"><\/div>\n\n\n\n<style id=\"wpforms-css-vars-1670\">\n\t\t\t\t#wpforms-1670 {\n\t\t\t\t--wpforms-field-border-color: #064471;\n--wpforms-field-border-color-spare: #064471;\n--wpforms-field-text-color: rgba(0, 0, 0, 0.7);\n--wpforms-label-color: rgba(0, 0, 0, 0.85);\n--wpforms-label-sublabel-color: rgba(0, 0, 0, 0.55);\n--wpforms-container-padding: 0px;\n--wpforms-container-border-width: 1px;\n--wpforms-container-border-radius: 3px;\n--wpforms-background-color: rgba(0, 0, 0, 0);\n--wpforms-field-size-input-height: 43px;\n--wpforms-field-size-input-spacing: 15px;\n--wpforms-field-size-font-size: 16px;\n--wpforms-field-size-line-height: 19px;\n--wpforms-field-size-padding-h: 14px;\n--wpforms-field-size-checkbox-size: 16px;\n--wpforms-field-size-sublabel-spacing: 5px;\n--wpforms-field-size-icon-size: 1;\n--wpforms-label-size-font-size: 16px;\n--wpforms-label-size-line-height: 19px;\n--wpforms-label-size-sublabel-font-size: 14px;\n--wpforms-label-size-sublabel-line-height: 17px;\n--wpforms-button-size-font-size: 17px;\n--wpforms-button-size-height: 41px;\n--wpforms-button-size-padding-h: 15px;\n--wpforms-button-size-margin-top: 10px;\n--wpforms-container-shadow-size-box-shadow: none;\n\n\t\t\t}\n\t\t\t<\/style><div class=\"wpforms-container wpforms-container-full wpforms-render-modern\" id=\"wpforms-1670\"><form id=\"wpforms-form-1670\" class=\"wpforms-validate wpforms-form wpforms-ajax-form\" data-formid=\"1670\" method=\"post\" enctype=\"multipart\/form-data\" action=\"\/en\/wp-json\/wp\/v2\/pages\/12\" data-token=\"49828fe476509cf8ebe6418838dc5633\" data-token-time=\"1777531893\" data-trp-original-action=\"\/en\/wp-json\/wp\/v2\/pages\/12\"><noscript class=\"wpforms-error-noscript\">Please enable JavaScript in your browser to complete this form.<\/noscript><div id=\"wpforms-error-noscript\" style=\"display: none;\">Please enable JavaScript in your browser to complete this form.<\/div><div class=\"wpforms-field-container\"><div id=\"wpforms-1670-field_1-container\" class=\"wpforms-field wpforms-field-name wpforms-one-half wpforms-first\" data-field-id=\"1\"><label class=\"wpforms-field-label\" for=\"wpforms-1670-field_1\">Name <span class=\"wpforms-required-label\" aria-hidden=\"true\">*<\/span><\/label><input type=\"text\" id=\"wpforms-1670-field_1\" class=\"wpforms-field-large wpforms-field-required\" name=\"wpforms[fields][1]\" aria-errormessage=\"wpforms-1670-field_1-error\" required><\/div><div id=\"wpforms-1670-field_2-container\" class=\"wpforms-field wpforms-field-email wpforms-one-half\" data-field-id=\"2\"><label class=\"wpforms-field-label\" for=\"wpforms-1670-field_2\">Email <span class=\"wpforms-required-label\" aria-hidden=\"true\">*<\/span><\/label><input type=\"email\" id=\"wpforms-1670-field_2\" class=\"wpforms-field-large wpforms-field-required\" name=\"wpforms[fields][2]\" spellcheck=\"false\" aria-errormessage=\"wpforms-1670-field_2-error\" required><\/div><div id=\"wpforms-1670-field_3-container\" class=\"wpforms-field wpforms-field-textarea\" data-field-id=\"3\"><label class=\"wpforms-field-label\" for=\"wpforms-1670-field_3\">Message <span class=\"wpforms-required-label\" aria-hidden=\"true\">*<\/span><\/label><textarea id=\"wpforms-1670-field_3\" class=\"wpforms-field-medium wpforms-field-required\" name=\"wpforms[fields][3]\" aria-errormessage=\"wpforms-1670-field_3-error\" required><\/textarea><\/div>\t\t<div id=\"wpforms-1670-field_5-container\"\n\t\t\tclass=\"wpforms-field wpforms-field-text\"\n\t\t\tdata-field-type=\"text\"\n\t\t\tdata-field-id=\"5\"\n\t\t\t>\n\t\t\t<label class=\"wpforms-field-label\" for=\"wpforms-1670-field_5\" >Va&scaron;e sprac&uacute;vame href=&quot;https:\/\/lukajka.com\/zasady-ochrany-sukromia\/&quot;&gt;takto&lt;\/a&gt;<\/label>\n\t\t\t<input type=\"text\" id=\"wpforms-1670-field_5\" class=\"wpforms-field-medium\" name=\"wpforms[fields][5]\" >\n\t\t<\/div>\n\t\t<div id=\"wpforms-1670-field_4-container\" class=\"wpforms-field wpforms-field-checkbox\" data-field-id=\"4\"><fieldset><legend class=\"wpforms-field-label wpforms-label-hide\" aria-hidden=\"false\">Va&scaron;e osobn&eacute; &uacute;daje sprac&uacute;vame &lt;a href=&quot;https:\/\/lukajka.com\/en\/zasady-ochrany-sukromia\/&quot;&gt;takto&lt;\/a&gt;<\/legend><ul id=\"wpforms-1670-field_4\"><li class=\"choice-1 depth-1\"><input type=\"checkbox\" id=\"wpforms-1670-field_4_1\" name=\"wpforms[fields][4][]\" value=\"Va\u0161e osobn\u00e9 \u00fadaje sprac\u00favame &lt;a href=&quot;https:\/\/lukajka.com\/zasady-ochrany-sukromia\/&quot;&gt;takto&lt;\/a&gt;\" aria-errormessage=\"wpforms-1670-field_4_1-error\"  ><label class=\"wpforms-field-label-inline\" for=\"wpforms-1670-field_4_1\">Va\u0161e osobn\u00e9 \u00fadaje sprac\u00favame <a href=\"https:\/\/lukajka.com\/en\/zasady-ochrany-sukromia\/\">takto<\/a><\/label><\/li><\/ul><\/fieldset><\/div><script>\n\t\t\t\t( function() {\n\t\t\t\t\tconst style = document.createElement( 'style' );\n\t\t\t\t\tstyle.appendChild( document.createTextNode( '#wpforms-1670-field_5-container { position: absolute !important; overflow: hidden !important; display: inline !important; height: 1px !important; width: 1px !important; z-index: -1000 !important; padding: 0 !important; } #wpforms-1670-field_5-container input { visibility: hidden; } #wpforms-conversational-form-page #wpforms-1670-field_5-container label { counter-increment: none; }' ) );\n\t\t\t\t\tdocument.head.appendChild( style );\n\t\t\t\t\tdocument.currentScript?.remove();\n\t\t\t\t} )();\n\t\t\t<\/script><\/div><!-- .wpforms-field-container --><div class=\"wpforms-submit-container\" ><input type=\"hidden\" name=\"wpforms[id]\" value=\"1670\"><input type=\"hidden\" name=\"page_title\" value=\"\"><input type=\"hidden\" name=\"page_url\" value=\"https:\/\/lukajka.com\/en\/wp-json\/wp\/v2\/pages\/12\"><input type=\"hidden\" name=\"url_referer\" value=\"\"><button type=\"submit\" name=\"wpforms[submit]\" id=\"wpforms-submit-1670\" class=\"wpforms-submit\" data-alt-text=\"Sending...\" data-submit-text=\"Odosla\u0165\" aria-live=\"assertive\" value=\"wpforms-submit\">Send<\/button><img loading=\"lazy\" decoding=\"async\" src=\"https:\/\/lukajka.com\/wp-content\/plugins\/wpforms-lite\/assets\/images\/submit-spin.svg\" class=\"wpforms-submit-spinner\" style=\"display: none;\" width=\"26\" height=\"26\" alt=\"Loading\"><\/div><input type=\"hidden\" name=\"trp-form-language\" value=\"en\"\/><\/form><\/div>  <!-- .wpforms-container -->\n<\/div><\/div>\n<\/div><\/div><\/div>","protected":false},"excerpt":{"rendered":"<p>Consultations<\/p>","protected":false},"author":1,"featured_media":0,"parent":0,"menu_order":0,"comment_status":"closed","ping_status":"closed","template":"","meta":{"zakra_sidebar_layout":"stretched","zakra_remove_content_margin":false,"zakra_sidebar":"customizer","zakra_transparent_header":"customizer","zakra_logo":0,"zakra_main_header_style":"default","zakra_menu_item_color":"","zakra_menu_item_hover_color":"","zakra_menu_item_active_color":"","zakra_menu_active_style":"","zakra_page_header":false,"footnotes":""},"class_list":["post-12","page","type-page","status-publish","hentry"],"_links":{"self":[{"href":"https:\/\/lukajka.com\/en\/wp-json\/wp\/v2\/pages\/12","targetHints":{"allow":["GET"]}}],"collection":[{"href":"https:\/\/lukajka.com\/en\/wp-json\/wp\/v2\/pages"}],"about":[{"href":"https:\/\/lukajka.com\/en\/wp-json\/wp\/v2\/types\/page"}],"author":[{"embeddable":true,"href":"https:\/\/lukajka.com\/en\/wp-json\/wp\/v2\/users\/1"}],"replies":[{"embeddable":true,"href":"https:\/\/lukajka.com\/en\/wp-json\/wp\/v2\/comments?post=12"}],"version-history":[{"count":0,"href":"https:\/\/lukajka.com\/en\/wp-json\/wp\/v2\/pages\/12\/revisions"}],"wp:attachment":[{"href":"https:\/\/lukajka.com\/en\/wp-json\/wp\/v2\/media?parent=12"}],"curies":[{"name":"wp","href":"https:\/\/api.w.org\/{rel}","templated":true}]}}