{"id":1151,"date":"2025-03-02T03:22:21","date_gmt":"2025-03-02T03:22:21","guid":{"rendered":"https:\/\/ap0.qsandbox.cloud\/site\/suffice-free\/?page_id=10"},"modified":"2025-10-14T10:13:18","modified_gmt":"2025-10-14T08:13:18","slug":"blog","status":"publish","type":"page","link":"https:\/\/lukajka.com\/en\/blog\/","title":{"rendered":"Blog"},"content":{"rendered":"<div class=\"wp-block-cover alignfull titul-cover\" style=\"padding-top:0;padding-bottom:0;min-height:700px;aspect-ratio:unset;\"><img loading=\"lazy\" decoding=\"async\" width=\"2560\" height=\"1703\" class=\"wp-block-cover__image-background wp-image-1650 size-full\" alt=\"\" src=\"https:\/\/lukajka.com\/wp-content\/uploads\/2025\/08\/DSC_1530u-scaled.jpg\" data-object-fit=\"cover\" srcset=\"https:\/\/lukajka.com\/wp-content\/uploads\/2025\/08\/DSC_1530u-scaled.jpg 2560w, https:\/\/lukajka.com\/wp-content\/uploads\/2025\/08\/DSC_1530u-300x200.jpg 300w, https:\/\/lukajka.com\/wp-content\/uploads\/2025\/08\/DSC_1530u-1024x681.jpg 1024w, https:\/\/lukajka.com\/wp-content\/uploads\/2025\/08\/DSC_1530u-768x511.jpg 768w, https:\/\/lukajka.com\/wp-content\/uploads\/2025\/08\/DSC_1530u-1536x1022.jpg 1536w, https:\/\/lukajka.com\/wp-content\/uploads\/2025\/08\/DSC_1530u-2048x1363.jpg 2048w\" sizes=\"auto, (max-width: 2560px) 100vw, 2560px\" \/><span aria-hidden=\"true\" class=\"wp-block-cover__background has-black-background-color has-background-dim\"><\/span><div class=\"wp-block-cover__inner-container is-layout-flow wp-container-core-cover-is-layout-271bbfc9 wp-block-cover-is-layout-flow\">\n<div style=\"height:415px\" aria-hidden=\"true\" class=\"wp-block-spacer\"><\/div>\n\n\n\n<p class=\"has-text-align-center cinzel has-large-font-size\">Moje postrehy a tipy z praxe<\/p>\n\n\n\n<h2 class=\"wp-block-heading open-sans\" style=\"font-size:20px\">Postrehy a tipy od odborn\u00edka priamo z praxe&#8230;<\/h2>\n<\/div><\/div>\n\n\n\n<div style=\"height:100px\" aria-hidden=\"true\" class=\"wp-block-spacer\"><\/div>\n\n\n<ul class=\"wp-block-latest-posts__list is-grid columns-3 wp-block-latest-posts\"><li><div class=\"wp-block-latest-posts__featured-image\"><a href=\"https:\/\/lukajka.com\/en\/ako-ma-zamestnavatel-nastavit-objektivne-kriteria-vo-vnutornom-predpise-o-rovnakom-odmenovani\/\" aria-label=\"Ako m\u00e1 zamestn\u00e1vate\u013e nastavi\u0165 objekt\u00edvne krit\u00e9ria vo vn\u00fatornom predpise o rovnakom odme\u0148ovan\u00ed?\"><img loading=\"lazy\" decoding=\"async\" width=\"812\" height=\"456\" src=\"https:\/\/lukajka.com\/wp-content\/uploads\/2026\/04\/ilustracna.png\" class=\"attachment-large size-large wp-post-image\" alt=\"\" style=\"\" srcset=\"https:\/\/lukajka.com\/wp-content\/uploads\/2026\/04\/ilustracna.png 854w, https:\/\/lukajka.com\/wp-content\/uploads\/2026\/04\/ilustracna-300x169.png 300w, https:\/\/lukajka.com\/wp-content\/uploads\/2026\/04\/ilustracna-768x432.png 768w, https:\/\/lukajka.com\/wp-content\/uploads\/2026\/04\/ilustracna-18x10.png 18w\" sizes=\"auto, (max-width: 812px) 100vw, 812px\" \/><\/a><\/div><a class=\"wp-block-latest-posts__post-title\" href=\"https:\/\/lukajka.com\/en\/ako-ma-zamestnavatel-nastavit-objektivne-kriteria-vo-vnutornom-predpise-o-rovnakom-odmenovani\/\">Ako m\u00e1 zamestn\u00e1vate\u013e nastavi\u0165 objekt\u00edvne krit\u00e9ria vo vn\u00fatornom predpise o rovnakom odme\u0148ovan\u00ed?<\/a><\/li>\n<li><div class=\"wp-block-latest-posts__featured-image\"><a href=\"https:\/\/lukajka.com\/en\/nove-pravidla-pre-zamestnavatelov-terminy-ktore-sa-neoplati-zmeskat\/\" aria-label=\"Nov\u00e9 pravidl\u00e1 pre zamestn\u00e1vate\u013eov: term\u00edny, ktor\u00e9 sa neoplat\u00ed zme\u0161ka\u0165\"><img loading=\"lazy\" decoding=\"async\" width=\"812\" height=\"456\" src=\"https:\/\/lukajka.com\/wp-content\/uploads\/2026\/04\/ilustracna-2.png\" class=\"attachment-large size-large wp-post-image\" alt=\"\" style=\"\" srcset=\"https:\/\/lukajka.com\/wp-content\/uploads\/2026\/04\/ilustracna-2.png 854w, https:\/\/lukajka.com\/wp-content\/uploads\/2026\/04\/ilustracna-2-300x169.png 300w, https:\/\/lukajka.com\/wp-content\/uploads\/2026\/04\/ilustracna-2-768x432.png 768w, https:\/\/lukajka.com\/wp-content\/uploads\/2026\/04\/ilustracna-2-18x10.png 18w\" sizes=\"auto, (max-width: 812px) 100vw, 812px\" \/><\/a><\/div><a class=\"wp-block-latest-posts__post-title\" href=\"https:\/\/lukajka.com\/en\/nove-pravidla-pre-zamestnavatelov-terminy-ktore-sa-neoplati-zmeskat\/\">Nov\u00e9 pravidl\u00e1 pre zamestn\u00e1vate\u013eov: term\u00edny, ktor\u00e9 sa neoplat\u00ed zme\u0161ka\u0165<\/a><\/li>\n<li><div class=\"wp-block-latest-posts__featured-image\"><a href=\"https:\/\/lukajka.com\/en\/dovoz-strojov-z-ciny-a-bezpecnostne-rizika\/\" aria-label=\"Dovoz strojov z \u010c\u00edny a bezpe\u010dnostn\u00e9 rizik\u00e1: Na \u010do si da\u0165 pozor?\"><img loading=\"lazy\" decoding=\"async\" width=\"812\" height=\"456\" src=\"https:\/\/lukajka.com\/wp-content\/uploads\/2025\/11\/ilustracna-3.png\" class=\"attachment-large size-large wp-post-image\" alt=\"\" style=\"\" srcset=\"https:\/\/lukajka.com\/wp-content\/uploads\/2025\/11\/ilustracna-3.png 854w, https:\/\/lukajka.com\/wp-content\/uploads\/2025\/11\/ilustracna-3-300x169.png 300w, https:\/\/lukajka.com\/wp-content\/uploads\/2025\/11\/ilustracna-3-768x432.png 768w, https:\/\/lukajka.com\/wp-content\/uploads\/2025\/11\/ilustracna-3-18x10.png 18w\" sizes=\"auto, (max-width: 812px) 100vw, 812px\" \/><\/a><\/div><a class=\"wp-block-latest-posts__post-title\" href=\"https:\/\/lukajka.com\/en\/dovoz-strojov-z-ciny-a-bezpecnostne-rizika\/\">Dovoz strojov z \u010c\u00edny a bezpe\u010dnostn\u00e9 rizik\u00e1: Na \u010do si da\u0165 pozor?<\/a><\/li>\n<li><div class=\"wp-block-latest-posts__featured-image\"><a href=\"https:\/\/lukajka.com\/en\/kde-konci-zivnost-a-zacina-nelegalne-zamestnavanie-obchodna-spolupraca-vs-zavisla-praca\/\" aria-label=\"Kde kon\u010d\u00ed \u017eivnos\u0165 a za\u010d\u00edna neleg\u00e1lne zamestn\u00e1vanie: Obchodn\u00e1 spolupr\u00e1ca vs. z\u00e1visl\u00e1 pr\u00e1ca\"><img loading=\"lazy\" decoding=\"async\" width=\"812\" height=\"456\" src=\"https:\/\/lukajka.com\/wp-content\/uploads\/2025\/10\/Ilustracna-4.png\" class=\"attachment-large size-large wp-post-image\" alt=\"\" style=\"\" srcset=\"https:\/\/lukajka.com\/wp-content\/uploads\/2025\/10\/Ilustracna-4.png 854w, https:\/\/lukajka.com\/wp-content\/uploads\/2025\/10\/Ilustracna-4-300x169.png 300w, https:\/\/lukajka.com\/wp-content\/uploads\/2025\/10\/Ilustracna-4-768x432.png 768w, https:\/\/lukajka.com\/wp-content\/uploads\/2025\/10\/Ilustracna-4-18x10.png 18w\" sizes=\"auto, (max-width: 812px) 100vw, 812px\" \/><\/a><\/div><a class=\"wp-block-latest-posts__post-title\" href=\"https:\/\/lukajka.com\/en\/kde-konci-zivnost-a-zacina-nelegalne-zamestnavanie-obchodna-spolupraca-vs-zavisla-praca\/\">Kde kon\u010d\u00ed \u017eivnos\u0165 a za\u010d\u00edna neleg\u00e1lne zamestn\u00e1vanie: Obchodn\u00e1 spolupr\u00e1ca vs. z\u00e1visl\u00e1 pr\u00e1ca<\/a><\/li>\n<li><div class=\"wp-block-latest-posts__featured-image\"><a href=\"https:\/\/lukajka.com\/en\/financne-odskodnenie-je-to-zodpovednost-zamestnavatela-alebo-veduceho-zamestnanca\/\" aria-label=\"Finan\u010dn\u00e9 od\u0161kodnenie: je to zodpovednos\u0165 zamestn\u00e1vate\u013ea alebo ved\u00faceho zamestnanca?\"><img loading=\"lazy\" decoding=\"async\" width=\"812\" height=\"456\" src=\"https:\/\/lukajka.com\/wp-content\/uploads\/2025\/10\/ilustracna-5.png\" class=\"attachment-large size-large wp-post-image\" alt=\"\" style=\"\" srcset=\"https:\/\/lukajka.com\/wp-content\/uploads\/2025\/10\/ilustracna-5.png 854w, https:\/\/lukajka.com\/wp-content\/uploads\/2025\/10\/ilustracna-5-300x169.png 300w, https:\/\/lukajka.com\/wp-content\/uploads\/2025\/10\/ilustracna-5-768x432.png 768w, https:\/\/lukajka.com\/wp-content\/uploads\/2025\/10\/ilustracna-5-18x10.png 18w\" sizes=\"auto, (max-width: 812px) 100vw, 812px\" \/><\/a><\/div><a class=\"wp-block-latest-posts__post-title\" href=\"https:\/\/lukajka.com\/en\/financne-odskodnenie-je-to-zodpovednost-zamestnavatela-alebo-veduceho-zamestnanca\/\">Finan\u010dn\u00e9 od\u0161kodnenie: je to zodpovednos\u0165 zamestn\u00e1vate\u013ea alebo ved\u00faceho zamestnanca?<\/a><\/li>\n<li><div class=\"wp-block-latest-posts__featured-image\"><a href=\"https:\/\/lukajka.com\/en\/ako-uzatvorit-zmluvu-ktoru-zmluvny-partner-splni\/\" aria-label=\"Trestn\u00e1 zodpovednos\u0165 zamestn\u00e1vate\u013ea vs. ved\u00faceho zamestnanca\"><img loading=\"lazy\" decoding=\"async\" width=\"812\" height=\"456\" src=\"https:\/\/lukajka.com\/wp-content\/uploads\/2025\/09\/ilustracna-6.png\" class=\"attachment-large size-large wp-post-image\" alt=\"\" style=\"\" srcset=\"https:\/\/lukajka.com\/wp-content\/uploads\/2025\/09\/ilustracna-6.png 854w, https:\/\/lukajka.com\/wp-content\/uploads\/2025\/09\/ilustracna-6-300x169.png 300w, https:\/\/lukajka.com\/wp-content\/uploads\/2025\/09\/ilustracna-6-768x432.png 768w, https:\/\/lukajka.com\/wp-content\/uploads\/2025\/09\/ilustracna-6-18x10.png 18w\" sizes=\"auto, (max-width: 812px) 100vw, 812px\" \/><\/a><\/div><a class=\"wp-block-latest-posts__post-title\" href=\"https:\/\/lukajka.com\/en\/ako-uzatvorit-zmluvu-ktoru-zmluvny-partner-splni\/\">Trestn\u00e1 zodpovednos\u0165 zamestn\u00e1vate\u013ea vs. ved\u00faceho zamestnanca<\/a><\/li>\n<\/ul>","protected":false},"excerpt":{"rendered":"","protected":false},"author":1,"featured_media":0,"parent":0,"menu_order":0,"comment_status":"closed","ping_status":"closed","template":"","meta":{"zakra_sidebar_layout":"stretched","zakra_remove_content_margin":false,"zakra_sidebar":"customizer","zakra_transparent_header":"customizer","zakra_logo":0,"zakra_main_header_style":"default","zakra_menu_item_color":"","zakra_menu_item_hover_color":"","zakra_menu_item_active_color":"","zakra_menu_active_style":"","zakra_page_header":false,"footnotes":""},"class_list":["post-1151","page","type-page","status-publish","hentry"],"_links":{"self":[{"href":"https:\/\/lukajka.com\/en\/wp-json\/wp\/v2\/pages\/1151","targetHints":{"allow":["GET"]}}],"collection":[{"href":"https:\/\/lukajka.com\/en\/wp-json\/wp\/v2\/pages"}],"about":[{"href":"https:\/\/lukajka.com\/en\/wp-json\/wp\/v2\/types\/page"}],"author":[{"embeddable":true,"href":"https:\/\/lukajka.com\/en\/wp-json\/wp\/v2\/users\/1"}],"replies":[{"embeddable":true,"href":"https:\/\/lukajka.com\/en\/wp-json\/wp\/v2\/comments?post=1151"}],"version-history":[{"count":0,"href":"https:\/\/lukajka.com\/en\/wp-json\/wp\/v2\/pages\/1151\/revisions"}],"wp:attachment":[{"href":"https:\/\/lukajka.com\/en\/wp-json\/wp\/v2\/media?parent=1151"}],"curies":[{"name":"wp","href":"https:\/\/api.w.org\/{rel}","templated":true}]}}