{"id":1079,"date":"2015-07-29T13:44:44","date_gmt":"2015-07-29T13:44:44","guid":{"rendered":"https:\/\/blockart-agency.sites.qsandbox.com\/?page_id=4"},"modified":"2026-04-21T15:54:34","modified_gmt":"2026-04-21T13:54:34","slug":"specialne-treningy","status":"publish","type":"page","link":"https:\/\/lukajka.com\/en\/specialne-treningy\/","title":{"rendered":"\u0160peci\u00e1lne tr\u00e9ningy"},"content":{"rendered":"<div style=\"height:150px\" aria-hidden=\"true\" class=\"wp-block-spacer\"><\/div>\n\n\n\n<div class=\"blockart-section blockart-section-0bd5f202\"><div class=\"blockart-container\"><div class=\"blockart-section-inner\">\n<div class=\"blockart-column blockart-column-cc2bf7c5\"><div class=\"blockart-column-inner\">\n<h2 class=\"wp-block-heading has-text-align-left cinzel has-text-color has-link-color wp-elements-5a19d0785ca8653ac0b3dd3f183dba7c\" style=\"color:#064471;font-size:40px\">\u0160peci\u00e1lne tr\u00e9ningy a \u0161kolenia<\/h2>\n\n\n\n<h4 class=\"wp-block-heading has-text-align-left text-justify open-sans\" style=\"font-size:20px\"><strong><mark style=\"background-color:rgba(0, 0, 0, 0)\" class=\"has-inline-color has-vivid-cyan-blue-color\">Otv\u00e1raj\u00fa sa dvere k praktick\u00fdm rie\u0161eniam<\/mark><\/strong><\/h4>\n\n\n\n<p>Pripravili sme \u0161kolenia a tr\u00e9ningy, ktor\u00e9 reaguj\u00fa na aktu\u00e1lne zmeny v z\u00e1konoch a re\u00e1lne v\u00fdzvy podnikate\u013eov a zamestn\u00e1vate\u013eov. Z\u00edskajte konkr\u00e9tne postupy, vzory dokumentov a tipy, ktor\u00e9 v\u00e1m pom\u00f4\u017eu vyhn\u00fa\u0165 sa pokut\u00e1m, trestn\u00fdm konaniam, reputa\u010dn\u00fdm rizik\u00e1m, \u010di zbyto\u010dn\u00fdm sporom. Ka\u017ed\u00fd tr\u00e9ning a \u0161kolenie je navrhnut\u00fd tak, aby ste si odniesli pou\u017eite\u013en\u00e9 know-how, rady a sk\u00fasenosti, nie len te\u00f3riu.<\/p>\n<\/div><\/div>\n\n\n\n<div class=\"blockart-column blockart-column-733a38e1\"><div class=\"blockart-column-inner\">\n<figure class=\"wp-block-image size-full\"><img loading=\"lazy\" decoding=\"async\" width=\"1600\" height=\"1200\" src=\"https:\/\/lukajka.com\/wp-content\/uploads\/2025\/09\/cover-foto-na-specialne-treningy.jpg\" alt=\"\" class=\"wp-image-1760\" srcset=\"https:\/\/lukajka.com\/wp-content\/uploads\/2025\/09\/cover-foto-na-specialne-treningy.jpg 1600w, https:\/\/lukajka.com\/wp-content\/uploads\/2025\/09\/cover-foto-na-specialne-treningy-300x225.jpg 300w, https:\/\/lukajka.com\/wp-content\/uploads\/2025\/09\/cover-foto-na-specialne-treningy-1024x768.jpg 1024w, https:\/\/lukajka.com\/wp-content\/uploads\/2025\/09\/cover-foto-na-specialne-treningy-768x576.jpg 768w, https:\/\/lukajka.com\/wp-content\/uploads\/2025\/09\/cover-foto-na-specialne-treningy-1536x1152.jpg 1536w\" sizes=\"auto, (max-width: 1600px) 100vw, 1600px\" \/><\/figure>\n<\/div><\/div>\n<\/div><\/div><\/div>\n\n\n\n<div style=\"height:81px\" aria-hidden=\"true\" class=\"wp-block-spacer\"><\/div>\n\n\n\n<div class=\"blockart-section blockart-section-ce322e38\"><div class=\"blockart-container\"><div class=\"blockart-section-inner\">\n<div class=\"blockart-column blockart-column-b65a6d53\"><div class=\"blockart-column-inner\"><\/div><\/div>\n<\/div><\/div><\/div>\n\n\n\n<div style=\"height:42px\" aria-hidden=\"true\" class=\"wp-block-spacer\"><\/div>\n\n\n\n<div class=\"blockart-section blockart-section-b2d88565\"><div class=\"blockart-container\"><div class=\"blockart-section-inner\">\n<div class=\"blockart-column blockart-column-5358ad55\"><div class=\"blockart-column-inner\">\n<h2 class=\"wp-block-heading cinzel has-text-color has-background has-link-color wp-elements-ce2e08b34f07887500f09c4121513877\" style=\"color:#064471;background-color:#9bd4e4;font-size:16px\">Nov\u00e9 pravidl\u00e1 pri odme\u0148ovan\u00ed zamestnancov&nbsp;&nbsp;<\/h2>\n\n\n\n<p>T\u00fdka sa to v\u0161etk\u00fdch zamestn\u00e1vate\u013eov. Nov\u00fd z\u00e1kon&nbsp;o rovnakom odme\u0148ovan\u00ed ur\u010duje nov\u00e9 postupy&nbsp;po\u010dn\u00fac n\u00e1borov\u00fdm procesom. V pracovn\u00fdch ponuk\u00e1ch mus\u00ed \u201esterilno\u201c uvies\u0165 aj n\u00e1zov poz\u00edcie, nesmie rodovo skreslova\u0165 a uch\u00e1dza\u010d\/uch\u00e1dza\u010dka m\u00e1 pr\u00e1vo dosta\u0165&nbsp;<strong>n\u00e1stupn\u00fa mzdu alebo rozp\u00e4tie<\/strong>&nbsp;e\u0161te&nbsp;<strong>pred pohovorom.<\/strong>&nbsp;Po novom mus\u00edte zamestnancom&nbsp;<strong>spr\u00edstupni\u0165 krit\u00e9ri\u00e1<\/strong>, pod\u013ea ktor\u00fdch sa ur\u010duje mzda, jej \u00farove\u0148 a aj&nbsp;<strong>krit\u00e9ri\u00e1 zvy\u0161ovania mzdy<\/strong>&nbsp;\u2013 teda \u201etajn\u00e9 pravidl\u00e1\u201c kon\u010dia.<\/p>\n\n\n\n<p>Zamestn\u00e1vate\u013e m\u00e1 novu povinnos\u0165 zamestnancov&nbsp;<strong>akt\u00edvne informova\u0165&nbsp;<\/strong>(nie a\u017e ke\u010f sa niekto sp\u00fdta). Zamestn\u00e1vate\u013e mus\u00ed v&nbsp;ur\u010dit\u00fdch pr\u00edpadoch vykona\u0165 povinn\u00e9&nbsp;<strong>spolo\u010dn\u00e9 pos\u00fadenie odme\u0148ovania<\/strong>&nbsp;a&nbsp;vykona\u0165 opatrenia. Ka\u017ed\u00fd zamestnanec m\u00f4\u017ee p\u00edsomne po\u017eiada\u0165 a vy mu mus\u00edte da\u0165 inform\u00e1ciu o jeho odmene a aj&nbsp;<strong>priemern\u00fdch odmen\u00e1ch pod\u013ea pohlavia<\/strong>&nbsp;v jeho kateg\u00f3rii. Zamestn\u00e1vate\u013e mus\u00ed ma\u0165 po novom&nbsp;<strong>zaveden\u00fa \u0161trukt\u00faru odme\u0148ovania<\/strong>&nbsp;postaven\u00fa na&nbsp;<strong>objekt\u00edvnych krit\u00e9ri\u00e1ch<\/strong>&nbsp;(zlo\u017eitos\u0165, zodpovednos\u0165, nam\u00e1havos\u0165, podmienky, aj \u201em\u00e4kk\u00e9 zru\u010dnosti\u201c) ide\u00e1lne vn\u00fatorn\u00fdm predpisom.<\/p>\n\n\n\n<p>To s\u00fa len&nbsp;<strong>niektor\u00e9 z&nbsp;mnoh\u00fdch<\/strong>&nbsp;nov\u00fdch povinnost\u00ed. V\u0161etky si podrobne prejdeme na pripravovanom \u0161kolen\u00ed, vr\u00e1tane&nbsp;<strong>nov\u00e9ho vn\u00fatorn\u00e9ho predpisu, ktor\u00fd obdr\u017e\u00ed ka\u017ed\u00fd \u00fa\u010dastn\u00edk<\/strong>.<\/p>\n\n\n\n<p>Pripravil som pre v\u00e1s \u0161kolenie:<\/p>\n\n\n\n<div class=\"wp-block-columns is-layout-flex wp-container-core-columns-is-layout-7abde1fe wp-block-columns-is-layout-flex\" style=\"padding-top:var(--wp--preset--spacing--40);padding-bottom:var(--wp--preset--spacing--40)\">\n<div class=\"wp-block-column is-layout-flow wp-block-column-is-layout-flow\">\n<h2 class=\"wp-block-heading cinzel has-text-color has-link-color wp-elements-5f7b8227c16c3713992a4aa2b290f5d9\" style=\"color:#064471;font-size:18px\">D\u00e1tum: <mark style=\"background-color:rgba(0, 0, 0, 0)\" class=\"has-inline-color has-black-color\">30.04.2026<\/mark><\/h2>\n<\/div>\n\n\n\n<div class=\"wp-block-column is-layout-flow wp-block-column-is-layout-flow\">\n<h2 class=\"wp-block-heading cinzel has-text-color has-link-color wp-elements-6576a35fa4c0c4f537b01caa301e3c99\" style=\"color:#064471;font-size:18px\">Miesto: <mark style=\"background-color:rgba(0, 0, 0, 0)\" class=\"has-inline-color has-black-color\">Online<\/mark><\/h2>\n<\/div>\n\n\n\n<div class=\"wp-block-column is-layout-flow wp-block-column-is-layout-flow\">\n<h2 class=\"wp-block-heading cinzel has-text-color has-link-color wp-elements-d1618fb50c42b07cff951c5d2f302843\" style=\"color:#064471;padding-top:0;padding-bottom:0;font-size:18px\">Cena: <mark style=\"background-color:rgba(0, 0, 0, 0)\" class=\"has-inline-color has-black-color\">250 eur bez DPH<\/mark><\/h2>\n<\/div>\n<\/div>\n\n\n\n<h2 class=\"wp-block-heading cinzel has-text-color has-link-color wp-elements-55416e9afdefc0783c9c422fbbec558d\" style=\"color:#064471;font-size:18px\">Od 09:00 hod do 12:30 hod<\/h2>\n\n\n\n<h2 class=\"wp-block-heading cinzel has-text-color has-link-color wp-elements-5eebf58811e0edaabe0d17e3061eec38\" style=\"color:#064471;font-size:18px\">O \u010dom bude \u0161kolenie:<\/h2>\n\n\n\n<ol class=\"wp-block-list\">\n<li>Nov\u00e9 pravidl\u00e1 pri prij\u00edman\u00ed zamestnanca&nbsp;<\/li>\n\n\n\n<li>Informa\u010dn\u00e1 povinnos\u0165 \u2013 na \u010do zamestnancovi odpoveda\u0165 a&nbsp;na \u010do nie&nbsp;<\/li>\n\n\n\n<li>Nov\u00fd vn\u00fatorn\u00fd predpis k&nbsp;\u0161trukt\u00fare odme\u0148ovania&nbsp;<\/li>\n\n\n\n<li>Povinn\u00e9 ozn\u00e1menia a&nbsp;spr\u00e1vy \u0161t\u00e1tnym org\u00e1nom&nbsp;<\/li>\n\n\n\n<li>Nov\u00e9 preukazovanie platovej diskrimin\u00e1cie zo strany in\u0161pektor\u00e1tu&nbsp;<\/li>\n\n\n\n<li>Vzor vn\u00fatorn\u00e9ho predpisu&nbsp;<\/li>\n<\/ol>\n\n\n\n<h2 class=\"wp-block-heading cinzel has-text-color has-link-color wp-elements-df7d5bf54e9f0d62c47902ecbde726e9\" style=\"color:#064471;font-size:18px\">Konkr\u00e9tne miesto konania bude ozn\u00e1men\u00e9 len z\u00e1ujemcom.<\/h2>\n\n\n\n<p>Cena \u0161kolenia za 1 \u00fa\u010dastn\u00edka je 250 eur bez DPH.<br>Maxim\u00e1lny po\u010det \u00fa\u010dastn\u00edkov je 18<\/p>\n\n\n\n<h2 class=\"wp-block-heading cinzel has-text-color has-link-color wp-elements-756940535241d4f05d1135b37d0bcb78\" style=\"color:#064471;font-size:18px\">Pre\u010do \u010d\u00edm sk\u00f4r zavies\u0165 nov\u00e9 pravidl\u00e1:<\/h2>\n\n\n\n<ul class=\"wp-block-list\">\n<li>in\u0161pektor\u00e1t m\u00e1 v\u00e4\u010d\u0161ie pr\u00e1vomoci pri preukazovan\u00ed diskrimin\u00e1cie&nbsp;<\/li>\n\n\n\n<li>po\u0161koden\u00fd zamestnanec m\u00e1 pr\u00e1vo \u017eiada\u0165 pln\u00fa pe\u0148a\u017en\u00fa n\u00e1hradu<\/li>\n\n\n\n<li>v&nbsp;diskrimina\u010dnom s\u00fadnom spore mus\u00ed preukazova\u0165 zamestn\u00e1vate\u013e&nbsp;<\/li>\n<\/ul>\n\n\n\n<h2 class=\"wp-block-heading cinzel has-text-color has-link-color wp-elements-a1fb6a4b976683de573c54ada11d1ea8\" style=\"color:#064471;font-size:18px\">Lektor:&nbsp;JUDr. Jozef Lukajka PhD., advok\u00e1t<\/h2>\n\n\n\n<p>Posledn\u00fdch 15 rokov zastupuje zamestn\u00e1vate\u013eov a&nbsp;zamestnancov pri \u0161t\u00e1tnych kontrol\u00e1ch a&nbsp;v&nbsp;s\u00fadnych sporoch. V&nbsp;minulosti p\u00f4sobil na in\u0161pektor\u00e1te pr\u00e1ce ako pr\u00e1vnik viac ako 3 roky.&nbsp;<\/p>\n\n\n\n<div class=\"wp-block-buttons is-content-justification-right is-layout-flex wp-container-core-buttons-is-layout-d445cf74 wp-block-buttons-is-layout-flex\">\n<div class=\"wp-block-button\"><a class=\"wp-block-button__link has-custom-font-size wp-element-button\" href=\"https:\/\/lukajka.com\/en\/specialne-treningy\/#formular\" style=\"font-size:18px\">Rezervova\u0165 si miesto<\/a><\/div>\n<\/div>\n<\/div><\/div>\n<\/div><\/div><\/div>\n\n\n\n<div style=\"height:42px\" aria-hidden=\"true\" class=\"wp-block-spacer\"><\/div>\n\n\n\n<div class=\"blockart-section blockart-section-c94101f7\"><div class=\"blockart-container\"><div class=\"blockart-section-inner\">\n<div class=\"blockart-column blockart-column-5aae03f0\"><div class=\"blockart-column-inner\">\n<h2 class=\"wp-block-heading cinzel has-text-color has-background has-link-color wp-elements-46f03f7d57381ea19be2bdce6960e887\" style=\"color:#064471;background-color:#9bd4e4;font-size:16px\">Tr\u00e9ning pre CEO a \u0161tatut\u00e1rov<\/h2>\n\n\n\n<div class=\"wp-block-columns is-layout-flex wp-container-core-columns-is-layout-28f84493 wp-block-columns-is-layout-flex\">\n<div class=\"wp-block-column is-layout-flow wp-block-column-is-layout-flow\">\n<h2 class=\"wp-block-heading cinzel has-text-color has-link-color wp-elements-2fd6dbd71e715bc0969d37ab72b3a55f\" style=\"color:#064471;font-size:18px\">D\u00e1tum: <mark style=\"background-color:rgba(0, 0, 0, 0)\" class=\"has-inline-color has-black-color\">M\u00e1j 2026<\/mark><\/h2>\n<\/div>\n\n\n\n<div class=\"wp-block-column is-layout-flow wp-block-column-is-layout-flow\">\n<h2 class=\"wp-block-heading cinzel has-text-color has-link-color wp-elements-a938a8dc5a3b80c76fd8de72df261b77\" style=\"color:#064471;font-size:18px\">Miesto: <mark style=\"background-color:rgba(0, 0, 0, 0)\" class=\"has-inline-color has-black-color\">Bratislava<\/mark><\/h2>\n<\/div>\n\n\n\n<div class=\"wp-block-column is-layout-flow wp-block-column-is-layout-flow\">\n<h2 class=\"wp-block-heading cinzel has-text-color has-link-color wp-elements-ab2f390449dad6e8684136459af339cd\" style=\"color:#064471;font-size:18px\">Cena: <mark style=\"background-color:rgba(0, 0, 0, 0)\" class=\"has-inline-color has-black-color\">1750 eur bez DPH<\/mark><\/h2>\n<\/div>\n<\/div>\n\n\n\n<h2 class=\"wp-block-heading cinzel has-text-color has-link-color wp-elements-0ba7a0f9d19602911df80df30a7397aa\" style=\"color:#064471;font-size:18px\">Predn\u00e1\u0161aj\u00faci lektor: <mark style=\"background-color:rgba(0, 0, 0, 0)\" class=\"has-inline-color has-black-color\">JUDr. Jozef Lukajka, PhD.<\/mark><\/h2>\n\n\n\n<h2 class=\"wp-block-heading cinzel has-text-color has-link-color wp-elements-569120ed8cfb7ba718b59fa87425598d\" style=\"color:#064471;font-size:18px\">Detaily:<\/h2>\n\n\n\n<p>Tr\u00e9ning sa sklad\u00e1 zo 4 modulov, pri\u010dom ka\u017ed\u00fd sa uskuto\u010dn\u00ed v in\u00fd de\u0148 s 2 t\u00fd\u017ed\u0148ov\u00fdm rozostupom. Povinnosti a schopnosti CEO alebo \u0161tatut\u00e1ra nie s\u00fa len o obchodn\u00fdch zru\u010dnostiach. Ma\u0165 vedomos\u0165 o trestnej zodpovednosti, s\u00fadnych konaniach, \u0161t\u00e1tnych kontrol\u00e1ch, vz\u0165ahoch so zamestnancami a z\u00e1kazn\u00edkmi s\u00fa z\u00e1kladnou v\u00fdbavou ka\u017ed\u00e9ho \u00faspe\u0161n\u00e9ho \u0161\u00e9fa firmy. Dajte va\u0161im slov\u00e1m relevantn\u00fa v\u00e1hu a va\u0161im krokom a postupom aj vymo\u017eite\u013enos\u0165. <\/p>\n\n\n\n<p><strong><mark style=\"background-color:rgba(0, 0, 0, 0)\" class=\"has-inline-color has-vivid-cyan-blue-color\">1. Modul:<\/mark><\/strong> Trestn\u00e1, finan\u010dn\u00e1 a osobitn\u00e1 zodpovednos\u0165 ved\u00faceho zamestnanca (Viac info <a href=\"https:\/\/lukajka.com\/en\/trestna-zodpovednost\/\" data-type=\"link\" data-id=\"https:\/\/lukajka.com\/trestna-zodpovednost\/\">TU<\/a>)<\/p>\n\n\n\n<p><strong><mark style=\"background-color:rgba(0, 0, 0, 0)\" class=\"has-inline-color has-vivid-cyan-blue-color\">2. Modul:<\/mark><\/strong> Zamestnanec vs. zamestn\u00e1vate\u013e \u2013 pr\u00e1va, povinnosti, postupy (Viac info <a href=\"https:\/\/lukajka.com\/en\/pracovnopravne-vztahy\/\" data-type=\"link\" data-id=\"https:\/\/lukajka.com\/pracovnopravne-vztahy\/\">TU<\/a>)<\/p>\n\n\n\n<p><strong><mark style=\"background-color:rgba(0, 0, 0, 0)\" class=\"has-inline-color has-vivid-cyan-blue-color\">3. Modul:<\/mark><\/strong> Predaj \u2013 limity a postupy pri obchodovan\u00ed a vyjedn\u00e1van\u00ed (Viac info <a href=\"https:\/\/lukajka.com\/en\/obchodne-rozhodovanie\/\" data-type=\"link\" data-id=\"https:\/\/lukajka.com\/obchodne-rozhodovanie\/\">TU<\/a>)<\/p>\n\n\n\n<p><strong><mark style=\"background-color:rgba(0, 0, 0, 0)\" class=\"has-inline-color has-vivid-cyan-blue-color\">4. Modul:<\/mark><\/strong> \u0160t\u00e1tne kontroly a s\u00fady \u2013 \u010do \u0161t\u00e1t m\u00f4\u017ee a \u010do u\u017e nie, ako sa br\u00e1ni\u0165 (Viac info <a href=\"https:\/\/lukajka.com\/en\/statne-kontroly\/\" data-type=\"link\" data-id=\"https:\/\/lukajka.com\/statne-kontroly\/\">TU<\/a>)<\/p>\n\n\n\n<div class=\"wp-block-buttons is-content-justification-right is-layout-flex wp-container-core-buttons-is-layout-d445cf74 wp-block-buttons-is-layout-flex\">\n<div class=\"wp-block-button\"><a class=\"wp-block-button__link has-custom-font-size wp-element-button\" href=\"https:\/\/lukajka.com\/en\/trening-pre-ceo-a-konatelov\/\" style=\"font-size:18px\">Detail<\/a><\/div>\n<\/div>\n<\/div><\/div>\n<\/div><\/div><\/div>\n\n\n\n<div style=\"height:50px\" aria-hidden=\"true\" class=\"wp-block-spacer\"><\/div>\n\n\n\n<h2 class=\"wp-block-heading has-text-align-center cinzel has-text-color has-link-color has-large-font-size wp-elements-98d1543532bf06c9af4fae40166d7489\" style=\"color:#064471\">Potrebujete tr\u00e9ning na mieru, &#8222;uprata\u0165&#8220; vo va\u0161ej firme alebo rezervova\u0165 miesto? <\/h2>\n\n\n\n<div class=\"blockart-section blockart-section-bf1d0bc3\"><div class=\"blockart-container\"><div class=\"blockart-section-inner\">\n<div class=\"blockart-column blockart-column-0ec2edcd\"><div class=\"blockart-column-inner\">\n<p class=\"open-sans\" id=\"formular\">Nap\u00ed\u0161te mi<\/p>\n\n\n<style id=\"wpforms-css-vars-1670-block-0b7325c5-1ed9-40ab-a6c7-1bbf20d8faa9\">\n\t\t\t\t#wpforms-1670.wpforms-block-0b7325c5-1ed9-40ab-a6c7-1bbf20d8faa9 {\n\t\t\t\t--wpforms-label-color: rgba(0, 0, 0, 0.85);\n--wpforms-label-sublabel-color: rgba(0, 0, 0, 0.55);\n--wpforms-field-border-color: #064471;\n--wpforms-field-border-color-spare: #064471;\n--wpforms-field-text-color: rgba(0, 0, 0, 0.7);\n--wpforms-field-size-input-height: 43px;\n--wpforms-field-size-input-spacing: 15px;\n--wpforms-field-size-font-size: 16px;\n--wpforms-field-size-line-height: 19px;\n--wpforms-field-size-padding-h: 14px;\n--wpforms-field-size-checkbox-size: 16px;\n--wpforms-field-size-sublabel-spacing: 5px;\n--wpforms-field-size-icon-size: 1;\n--wpforms-label-size-font-size: 16px;\n--wpforms-label-size-line-height: 19px;\n--wpforms-label-size-sublabel-font-size: 14px;\n--wpforms-label-size-sublabel-line-height: 17px;\n--wpforms-button-size-font-size: 17px;\n--wpforms-button-size-height: 41px;\n--wpforms-button-size-padding-h: 15px;\n--wpforms-button-size-margin-top: 10px;\n\n\t\t\t}\n\t\t\t<\/style><div class=\"wpforms-container wpforms-container-full wpforms-block wpforms-block-0b7325c5-1ed9-40ab-a6c7-1bbf20d8faa9 wpforms-render-modern\" id=\"wpforms-1670\"><form id=\"wpforms-form-1670\" class=\"wpforms-validate wpforms-form wpforms-ajax-form\" data-formid=\"1670\" method=\"post\" enctype=\"multipart\/form-data\" action=\"\/en\/wp-json\/wp\/v2\/pages\/1079\" data-token=\"49828fe476509cf8ebe6418838dc5633\" data-token-time=\"1777531903\" data-trp-original-action=\"\/en\/wp-json\/wp\/v2\/pages\/1079\"><noscript class=\"wpforms-error-noscript\">Please enable JavaScript in your browser to complete this form.<\/noscript><div id=\"wpforms-error-noscript\" style=\"display: none;\">Please enable JavaScript in your browser to complete this form.<\/div><div class=\"wpforms-field-container\"><div id=\"wpforms-1670-field_1-container\" class=\"wpforms-field wpforms-field-name wpforms-one-half wpforms-first\" data-field-id=\"1\"><label class=\"wpforms-field-label\" for=\"wpforms-1670-field_1\">Name <span class=\"wpforms-required-label\" aria-hidden=\"true\">*<\/span><\/label><input type=\"text\" id=\"wpforms-1670-field_1\" class=\"wpforms-field-large wpforms-field-required\" name=\"wpforms[fields][1]\" aria-errormessage=\"wpforms-1670-field_1-error\" required><\/div><div id=\"wpforms-1670-field_2-container\" class=\"wpforms-field wpforms-field-email wpforms-one-half\" data-field-id=\"2\"><label class=\"wpforms-field-label\" for=\"wpforms-1670-field_2\">Email <span class=\"wpforms-required-label\" aria-hidden=\"true\">*<\/span><\/label><input type=\"email\" id=\"wpforms-1670-field_2\" class=\"wpforms-field-large wpforms-field-required\" name=\"wpforms[fields][2]\" spellcheck=\"false\" aria-errormessage=\"wpforms-1670-field_2-error\" required><\/div><div id=\"wpforms-1670-field_3-container\" class=\"wpforms-field wpforms-field-textarea\" data-field-id=\"3\"><label class=\"wpforms-field-label\" for=\"wpforms-1670-field_3\">Message <span class=\"wpforms-required-label\" aria-hidden=\"true\">*<\/span><\/label><textarea id=\"wpforms-1670-field_3\" class=\"wpforms-field-medium wpforms-field-required\" name=\"wpforms[fields][3]\" aria-errormessage=\"wpforms-1670-field_3-error\" required><\/textarea><\/div>\t\t<div id=\"wpforms-1670-field_5-container\"\n\t\t\tclass=\"wpforms-field wpforms-field-text\"\n\t\t\tdata-field-type=\"text\"\n\t\t\tdata-field-id=\"5\"\n\t\t\t>\n\t\t\t<label class=\"wpforms-field-label\" for=\"wpforms-1670-field_5\" >&lt;a Email \u00fadaje<\/label>\n\t\t\t<input type=\"text\" id=\"wpforms-1670-field_5\" class=\"wpforms-field-medium\" name=\"wpforms[fields][5]\" >\n\t\t<\/div>\n\t\t<div id=\"wpforms-1670-field_4-container\" class=\"wpforms-field wpforms-field-checkbox\" data-field-id=\"4\"><fieldset><legend class=\"wpforms-field-label wpforms-label-hide\" aria-hidden=\"false\">Va&scaron;e osobn&eacute; &uacute;daje sprac&uacute;vame &lt;a href=&quot;https:\/\/lukajka.com\/en\/zasady-ochrany-sukromia\/&quot;&gt;takto&lt;\/a&gt;<\/legend><ul id=\"wpforms-1670-field_4\"><li class=\"choice-1 depth-1\"><input type=\"checkbox\" id=\"wpforms-1670-field_4_1\" name=\"wpforms[fields][4][]\" value=\"Va\u0161e osobn\u00e9 \u00fadaje sprac\u00favame &lt;a href=&quot;https:\/\/lukajka.com\/zasady-ochrany-sukromia\/&quot;&gt;takto&lt;\/a&gt;\" aria-errormessage=\"wpforms-1670-field_4_1-error\"  ><label class=\"wpforms-field-label-inline\" for=\"wpforms-1670-field_4_1\">Va\u0161e osobn\u00e9 \u00fadaje sprac\u00favame <a href=\"https:\/\/lukajka.com\/en\/zasady-ochrany-sukromia\/\">takto<\/a><\/label><\/li><\/ul><\/fieldset><\/div><script>\n\t\t\t\t( function() {\n\t\t\t\t\tconst style = document.createElement( 'style' );\n\t\t\t\t\tstyle.appendChild( document.createTextNode( '#wpforms-1670-field_5-container { position: absolute !important; overflow: hidden !important; display: inline !important; height: 1px !important; width: 1px !important; z-index: -1000 !important; padding: 0 !important; } #wpforms-1670-field_5-container input { visibility: hidden; } #wpforms-conversational-form-page #wpforms-1670-field_5-container label { counter-increment: none; }' ) );\n\t\t\t\t\tdocument.head.appendChild( style );\n\t\t\t\t\tdocument.currentScript?.remove();\n\t\t\t\t} )();\n\t\t\t<\/script><\/div><!-- .wpforms-field-container --><div class=\"wpforms-submit-container\" ><input type=\"hidden\" name=\"wpforms[id]\" value=\"1670\"><input type=\"hidden\" name=\"page_title\" value=\"\"><input type=\"hidden\" name=\"page_url\" value=\"https:\/\/lukajka.com\/en\/wp-json\/wp\/v2\/pages\/1079\"><input type=\"hidden\" name=\"url_referer\" value=\"\"><button type=\"submit\" name=\"wpforms[submit]\" id=\"wpforms-submit-1670\" class=\"wpforms-submit\" data-alt-text=\"Sending...\" data-submit-text=\"Odosla\u0165\" aria-live=\"assertive\" value=\"wpforms-submit\">Send<\/button><img loading=\"lazy\" decoding=\"async\" src=\"https:\/\/lukajka.com\/wp-content\/plugins\/wpforms-lite\/assets\/images\/submit-spin.svg\" class=\"wpforms-submit-spinner\" style=\"display: none;\" width=\"26\" height=\"26\" alt=\"Loading\"><\/div><input type=\"hidden\" name=\"trp-form-language\" value=\"en\"\/><\/form><\/div>  <!-- .wpforms-container --><\/div><\/div>\n<\/div><\/div><\/div>","protected":false},"excerpt":{"rendered":"<p>Potrebujete tr\u00e9ning na mieru, &#8222;uprata\u0165&#8220; vo va\u0161ej firme alebo rezervova\u0165 miesto?<\/p>","protected":false},"author":1,"featured_media":0,"parent":0,"menu_order":0,"comment_status":"closed","ping_status":"open","template":"","meta":{"zakra_sidebar_layout":"contained","zakra_remove_content_margin":false,"zakra_sidebar":"customizer","zakra_transparent_header":"customizer","zakra_logo":0,"zakra_main_header_style":"default","zakra_menu_item_color":"","zakra_menu_item_hover_color":"#000000","zakra_menu_item_active_color":"#23ab70","zakra_menu_active_style":"style-1","zakra_page_header":false,"footnotes":""},"class_list":["post-1079","page","type-page","status-publish","hentry"],"_links":{"self":[{"href":"https:\/\/lukajka.com\/en\/wp-json\/wp\/v2\/pages\/1079","targetHints":{"allow":["GET"]}}],"collection":[{"href":"https:\/\/lukajka.com\/en\/wp-json\/wp\/v2\/pages"}],"about":[{"href":"https:\/\/lukajka.com\/en\/wp-json\/wp\/v2\/types\/page"}],"author":[{"embeddable":true,"href":"https:\/\/lukajka.com\/en\/wp-json\/wp\/v2\/users\/1"}],"replies":[{"embeddable":true,"href":"https:\/\/lukajka.com\/en\/wp-json\/wp\/v2\/comments?post=1079"}],"version-history":[{"count":0,"href":"https:\/\/lukajka.com\/en\/wp-json\/wp\/v2\/pages\/1079\/revisions"}],"wp:attachment":[{"href":"https:\/\/lukajka.com\/en\/wp-json\/wp\/v2\/media?parent=1079"}],"curies":[{"name":"wp","href":"https:\/\/api.w.org\/{rel}","templated":true}]}}